{"id":7556,"date":"2019-04-29T08:50:48","date_gmt":"2019-04-29T08:50:48","guid":{"rendered":"https:\/\/peopleanalytics.se\/integrity-data-protection-policy\/"},"modified":"2019-04-29T08:50:48","modified_gmt":"2019-04-29T08:50:48","slug":"integrity-data-protection-policy","status":"publish","type":"page","link":"https:\/\/peopleanalytics.se\/en\/integrity-data-protection-policy\/","title":{"rendered":"Integrity Data Protection Policy"},"content":{"rendered":"<p>Integritets- och dataskyddspolicy<br \/>\nF\u00f6r att s\u00e4kerst\u00e4lla en god hantering av personuppgifter har People Analytics tagit fram en integritet och dataskyddspolicy som p\u00e5 ett konkret s\u00e4tt ska upplysa kunderna om vilka uppgifter vi behandlar, varf\u00f6r samt hur l\u00e4nge de kommer att lagras samt vilka som kommer att ta emot dem.<\/p>\n<p>Vid de tillf\u00e4llen PeopleAnalytics tillhandah\u00e5ller utbildningstj\u00e4nster intar PeopleAnalytics st\u00e4llningen som personuppgiftsansvarig f\u00f6r den eventuella behandling av personuppgifter som sker inf\u00f6r och under utbildningsuppdraget. Vid de tillf\u00e4llen PeopleAnalytics tillhandah\u00e5ller digitala tj\u00e4nster intar PeopleAnalytics st\u00e4llning som personuppgiftsbitr\u00e4de. F\u00f6r mer detaljerad information h\u00e4nvisar vi till v\u00e5r policy.<\/p>\n<p>Integritets- och dataskyddspolicy<br \/>\nLadda ner hela v\u00e5r policy som pdf<br \/>\nDenna bilaga anger minimikrav som People Analytics AB och i till\u00e4mpliga fall underbitr\u00e4den f\u00f6ljer avseende s\u00e4ker informationshantering vid leverans av tj\u00e4nster f\u00f6r Kund som innefattar Behandling av Personuppgifter.<\/p>\n<p>Allm\u00e4nt om informationss\u00e4kerhet och integritet<br \/>\nPeople Analytics skyddar kunds information genom de s\u00e4kerhetskontroller som anges i denna bilaga. Kommunikation med Kund g\u00e4llande IT-incidenter eller andra tekniska fr\u00e5gor rapporteras till Kund enligt f\u00f6r \u00e4ndam\u00e5let uppsatta rutiner.<\/p>\n","protected":false},"excerpt":{"rendered":"<p>Integritets- och dataskyddspolicy F\u00f6r att s\u00e4kerst\u00e4lla en god hantering av personuppgifter har People Analytics tagit&#8230;<\/p>\n","protected":false},"author":1,"featured_media":0,"parent":0,"menu_order":0,"comment_status":"closed","ping_status":"closed","template":"","meta":{"inline_featured_image":false},"yoast_head":"<!-- This site is optimized with the Yoast SEO plugin v17.9 - https:\/\/yoast.com\/wordpress\/plugins\/seo\/ -->\n<title>Integrity Data Protection Policy - Heartpace People Analytics<\/title>\n<meta name=\"robots\" content=\"index, follow, max-snippet:-1, max-image-preview:large, max-video-preview:-1\" \/>\n<link rel=\"canonical\" href=\"https:\/\/peopleanalytics.se\/en\/integrity-data-protection-policy\/\" \/>\n<meta property=\"og:locale\" content=\"en_US\" \/>\n<meta property=\"og:type\" content=\"article\" \/>\n<meta property=\"og:title\" content=\"Integrity Data Protection Policy - Heartpace People Analytics\" \/>\n<meta property=\"og:description\" content=\"Integritets- och dataskyddspolicy F\u00f6r att s\u00e4kerst\u00e4lla en god hantering av personuppgifter har People Analytics tagit...\" \/>\n<meta property=\"og:url\" content=\"https:\/\/peopleanalytics.se\/en\/integrity-data-protection-policy\/\" \/>\n<meta property=\"og:site_name\" content=\"Heartpace People Analytics\" \/>\n<meta property=\"og:image\" content=\"https:\/\/peopleanalytics.se\/wp-content\/uploads\/2022\/03\/preview.png\" \/>\n\t<meta property=\"og:image:width\" content=\"1200\" \/>\n\t<meta property=\"og:image:height\" content=\"600\" \/>\n\t<meta property=\"og:image:type\" content=\"image\/png\" \/>\n<meta name=\"twitter:card\" content=\"summary\" \/>\n<meta name=\"twitter:label1\" content=\"Est. reading time\" \/>\n\t<meta name=\"twitter:data1\" content=\"1 minute\" \/>\n<!-- \/ Yoast SEO plugin. -->","yoast_head_json":{"title":"Integrity Data Protection Policy - Heartpace People Analytics","robots":{"index":"index","follow":"follow","max-snippet":"max-snippet:-1","max-image-preview":"max-image-preview:large","max-video-preview":"max-video-preview:-1"},"canonical":"https:\/\/peopleanalytics.se\/en\/integrity-data-protection-policy\/","og_locale":"en_US","og_type":"article","og_title":"Integrity Data Protection Policy - Heartpace People Analytics","og_description":"Integritets- och dataskyddspolicy F\u00f6r att s\u00e4kerst\u00e4lla en god hantering av personuppgifter har People Analytics tagit...","og_url":"https:\/\/peopleanalytics.se\/en\/integrity-data-protection-policy\/","og_site_name":"Heartpace People Analytics","og_image":[{"width":1200,"height":600,"url":"https:\/\/peopleanalytics.se\/wp-content\/uploads\/2022\/03\/preview.png","type":"image\/png"}],"twitter_card":"summary","twitter_misc":{"Est. reading time":"1 minute"},"schema":{"@context":"https:\/\/schema.org","@graph":[{"@type":"Organization","@id":"https:\/\/peopleanalytics.se\/#organization","name":"Heartpace | People Analytics","url":"https:\/\/peopleanalytics.se\/","sameAs":[],"logo":{"@type":"ImageObject","@id":"https:\/\/peopleanalytics.se\/#logo","inLanguage":"en-US","url":"https:\/\/peopleanalytics.se\/wp-content\/uploads\/2022\/03\/preview-1.png","contentUrl":"https:\/\/peopleanalytics.se\/wp-content\/uploads\/2022\/03\/preview-1.png","width":1200,"height":600,"caption":"Heartpace | People Analytics"},"image":{"@id":"https:\/\/peopleanalytics.se\/#logo"}},{"@type":"WebSite","@id":"https:\/\/peopleanalytics.se\/#website","url":"https:\/\/peopleanalytics.se\/","name":"Heartpace People Analytics","description":"Make Better People Decisions","publisher":{"@id":"https:\/\/peopleanalytics.se\/#organization"},"potentialAction":[{"@type":"SearchAction","target":{"@type":"EntryPoint","urlTemplate":"https:\/\/peopleanalytics.se\/?s={search_term_string}"},"query-input":"required name=search_term_string"}],"inLanguage":"en-US"},{"@type":"WebPage","@id":"https:\/\/peopleanalytics.se\/en\/integrity-data-protection-policy\/#webpage","url":"https:\/\/peopleanalytics.se\/en\/integrity-data-protection-policy\/","name":"Integrity Data Protection Policy - Heartpace People Analytics","isPartOf":{"@id":"https:\/\/peopleanalytics.se\/#website"},"datePublished":"2019-04-29T08:50:48+00:00","dateModified":"2019-04-29T08:50:48+00:00","breadcrumb":{"@id":"https:\/\/peopleanalytics.se\/en\/integrity-data-protection-policy\/#breadcrumb"},"inLanguage":"en-US","potentialAction":[{"@type":"ReadAction","target":["https:\/\/peopleanalytics.se\/en\/integrity-data-protection-policy\/"]}]},{"@type":"BreadcrumbList","@id":"https:\/\/peopleanalytics.se\/en\/integrity-data-protection-policy\/#breadcrumb","itemListElement":[{"@type":"ListItem","position":1,"name":"Hem","item":"https:\/\/peopleanalytics.se\/"},{"@type":"ListItem","position":2,"name":"Integrity Data Protection Policy"}]}]}},"_links":{"self":[{"href":"https:\/\/peopleanalytics.se\/en\/wp-json\/wp\/v2\/pages\/7556"}],"collection":[{"href":"https:\/\/peopleanalytics.se\/en\/wp-json\/wp\/v2\/pages"}],"about":[{"href":"https:\/\/peopleanalytics.se\/en\/wp-json\/wp\/v2\/types\/page"}],"author":[{"embeddable":true,"href":"https:\/\/peopleanalytics.se\/en\/wp-json\/wp\/v2\/users\/1"}],"replies":[{"embeddable":true,"href":"https:\/\/peopleanalytics.se\/en\/wp-json\/wp\/v2\/comments?post=7556"}],"version-history":[{"count":0,"href":"https:\/\/peopleanalytics.se\/en\/wp-json\/wp\/v2\/pages\/7556\/revisions"}],"wp:attachment":[{"href":"https:\/\/peopleanalytics.se\/en\/wp-json\/wp\/v2\/media?parent=7556"}],"curies":[{"name":"wp","href":"https:\/\/api.w.org\/{rel}","templated":true}]}}