{"id":7603,"date":"2019-05-06T09:34:23","date_gmt":"2019-05-06T09:34:23","guid":{"rendered":"https:\/\/peopleanalytics.se\/resources\/"},"modified":"2019-09-02T09:15:33","modified_gmt":"2019-09-02T09:15:33","slug":"resources","status":"publish","type":"page","link":"https:\/\/peopleanalytics.se\/en\/resources\/","title":{"rendered":"Resources"},"content":{"rendered":"[vc_row type=&#8221;in_container&#8221; full_screen_row_position=&#8221;middle&#8221; scene_position=&#8221;center&#8221; text_color=&#8221;dark&#8221; text_align=&#8221;left&#8221; top_padding=&#8221;2%&#8221; bottom_padding=&#8221;5%&#8221; overlay_strength=&#8221;0.3&#8243; shape_divider_position=&#8221;bottom&#8221; bg_image_animation=&#8221;none&#8221; shape_type=&#8221;&#8221;][vc_column column_padding=&#8221;no-extra-padding&#8221; column_padding_position=&#8221;all&#8221; background_color_opacity=&#8221;1&#8243; background_hover_color_opacity=&#8221;1&#8243; column_link_target=&#8221;_self&#8221; column_shadow=&#8221;none&#8221; column_border_radius=&#8221;none&#8221; width=&#8221;1\/1&#8243; tablet_width_inherit=&#8221;default&#8221; tablet_text_alignment=&#8221;default&#8221; phone_text_alignment=&#8221;default&#8221; column_border_width=&#8221;none&#8221; column_border_style=&#8221;solid&#8221; bg_image_animation=&#8221;none&#8221;][vc_row_inner column_margin=&#8221;default&#8221; text_align=&#8221;left&#8221;][vc_column_inner column_padding=&#8221;no-extra-padding&#8221; column_padding_position=&#8221;all&#8221; background_color_opacity=&#8221;1&#8243; background_hover_color_opacity=&#8221;1&#8243; column_shadow=&#8221;none&#8221; column_border_radius=&#8221;none&#8221; column_link_target=&#8221;_self&#8221; width=&#8221;1\/6&#8243; tablet_width_inherit=&#8221;default&#8221; column_border_width=&#8221;none&#8221; column_border_style=&#8221;solid&#8221; bg_image_animation=&#8221;none&#8221;][\/vc_column_inner][vc_column_inner column_padding=&#8221;no-extra-padding&#8221; column_padding_position=&#8221;all&#8221; background_color_opacity=&#8221;1&#8243; background_hover_color_opacity=&#8221;1&#8243; column_shadow=&#8221;none&#8221; column_border_radius=&#8221;none&#8221; column_link_target=&#8221;_self&#8221; width=&#8221;2\/3&#8243; tablet_width_inherit=&#8221;default&#8221; column_border_width=&#8221;none&#8221; column_border_style=&#8221;solid&#8221; bg_image_animation=&#8221;none&#8221;][vc_custom_heading text=&#8221;Our Academy&#8221; font_container=&#8221;tag:h1|text_align:center&#8221; use_theme_fonts=&#8221;yes&#8221;][vc_custom_heading text=&#8221;We at People Analytics are experts in the field of HR analysis. And we are more than happy to share our knowledge with you in a concrete and easily understandable way.&#8221; font_container=&#8221;tag:h3|text_align:center&#8221; use_theme_fonts=&#8221;yes&#8221;][divider line_type=&#8221;No Line&#8221; custom_height=&#8221;50&#8243;][\/vc_column_inner][vc_column_inner column_padding=&#8221;no-extra-padding&#8221; column_padding_position=&#8221;all&#8221; background_color_opacity=&#8221;1&#8243; background_hover_color_opacity=&#8221;1&#8243; column_shadow=&#8221;none&#8221; column_border_radius=&#8221;none&#8221; column_link_target=&#8221;_self&#8221; width=&#8221;1\/6&#8243; tablet_width_inherit=&#8221;default&#8221; column_border_width=&#8221;none&#8221; column_border_style=&#8221;solid&#8221; bg_image_animation=&#8221;none&#8221;][\/vc_column_inner][\/vc_row_inner][vc_row_inner column_margin=&#8221;default&#8221; text_align=&#8221;left&#8221;][vc_column_inner column_padding=&#8221;no-extra-padding&#8221; column_padding_position=&#8221;all&#8221; centered_text=&#8221;true&#8221; background_color_opacity=&#8221;1&#8243; background_hover_color_opacity=&#8221;1&#8243; column_shadow=&#8221;none&#8221; column_border_radius=&#8221;none&#8221; column_link_target=&#8221;_self&#8221; width=&#8221;1\/3&#8243; tablet_width_inherit=&#8221;default&#8221; column_border_width=&#8221;none&#8221; column_border_color=&#8221;#e2e2e2&#8243; column_border_style=&#8221;solid&#8221; enable_border_animation=&#8221;true&#8221; bg_image_animation=&#8221;none&#8221; border_animation_delay=&#8221;100&#8243;][nectar_icon icon_family=&#8221;linea&#8221; icon_style=&#8221;default&#8221; icon_color=&#8221;Accent-Color&#8221; icon_padding=&#8221;20px&#8221; icon_linea=&#8221;icon-weather-moonset-full&#8221; icon_size=&#8221;80&#8243;][vc_column_text]\n<h4>Breakfast Seminar<\/h4>\n<div class=\"tlid-results-container results-container\">\n<div class=\"tlid-result result-dict-wrapper\">\n<div class=\"result tlid-copy-target\">\n<div class=\"result-header\">\n<div class=\"starbutton jfk-button-flat jfk-button unstarred\" tabindex=\"0\" role=\"button\" aria-label=\"Stj\u00e4rnm\u00e4rk \u00f6vers\u00e4ttningen\" data-tooltip=\"Stj\u00e4rnm\u00e4rk \u00f6vers\u00e4ttningen\" data-tooltip-align=\"t,c\">\n<div class=\"jfk-button-img\">Time for HR to shine with relevant\u00a0 HR metrics!<\/div>\n<\/div>\n<\/div>\n<\/div>\n<\/div>\n<\/div>\n[\/vc_column_text][divider line_type=&#8221;No Line&#8221; custom_height=&#8221;30&#8243;][nectar_cta btn_style=&#8221;see-through&#8221; heading_tag=&#8221;h6&#8243; link_type=&#8221;regular&#8221; alignment=&#8221;center&#8221; link_text=&#8221;Find out more&#8221; url=&#8221;https:\/\/peopleanalytics.se\/en\/academy-breakfast-seminar\/&#8221;][\/vc_column_inner][vc_column_inner column_padding=&#8221;no-extra-padding&#8221; column_padding_position=&#8221;all&#8221; centered_text=&#8221;true&#8221; background_color_opacity=&#8221;1&#8243; background_hover_color_opacity=&#8221;1&#8243; column_shadow=&#8221;none&#8221; column_border_radius=&#8221;none&#8221; column_link_target=&#8221;_self&#8221; width=&#8221;1\/3&#8243; tablet_width_inherit=&#8221;default&#8221; column_border_width=&#8221;none&#8221; column_border_color=&#8221;#e2e2e2&#8243; column_border_style=&#8221;solid&#8221; enable_border_animation=&#8221;true&#8221; bg_image_animation=&#8221;none&#8221; border_animation_delay=&#8221;200&#8243;][nectar_icon icon_family=&#8221;linea&#8221; icon_style=&#8221;default&#8221; icon_color=&#8221;Accent-Color&#8221; icon_padding=&#8221;20px&#8221; icon_linea=&#8221;icon-basic-lightbulb&#8221; icon_size=&#8221;80&#8243;][vc_column_text]\n<h4>HR-analytics and key metrics &#8211; how to think, count, show, talk?<\/h4>\n<p>The digitization of HR and the advancement of HR analysis quickly creates new opportunities for companies to analyze in fact-based way and understand their most important resource, namely the employees.[\/vc_column_text][divider line_type=&#8221;No Line&#8221; custom_height=&#8221;30&#8243;][nectar_cta btn_style=&#8221;see-through&#8221; heading_tag=&#8221;h6&#8243; link_type=&#8221;regular&#8221; alignment=&#8221;center&#8221; link_text=&#8221;Find out more&#8221; url=&#8221;https:\/\/peopleanalytics.se\/en\/hr-analytics-academy\/&#8221;][\/vc_column_inner][vc_column_inner column_padding=&#8221;no-extra-padding&#8221; column_padding_position=&#8221;all&#8221; centered_text=&#8221;true&#8221; background_color_opacity=&#8221;1&#8243; background_hover_color_opacity=&#8221;1&#8243; column_shadow=&#8221;none&#8221; column_border_radius=&#8221;none&#8221; column_link_target=&#8221;_self&#8221; width=&#8221;1\/3&#8243; tablet_width_inherit=&#8221;default&#8221; column_border_width=&#8221;none&#8221; column_border_color=&#8221;#e2e2e2&#8243; column_border_style=&#8221;solid&#8221; enable_border_animation=&#8221;true&#8221; bg_image_animation=&#8221;none&#8221; border_animation_delay=&#8221;300&#8243;][nectar_icon icon_family=&#8221;linea&#8221; icon_style=&#8221;default&#8221; icon_color=&#8221;Accent-Color&#8221; icon_padding=&#8221;20px&#8221; icon_linea=&#8221;icon-basic-pencil-ruler&#8221; icon_size=&#8221;80&#8243;][vc_column_text]\n<h4>Customized training and workshops<\/h4>\n<p>Do you want a quick introduction in the area of HR analytics? Do a deep dive in HR KPIs? Do you learn more about how to convert statistics into valuable insights?[\/vc_column_text][divider line_type=&#8221;No Line&#8221; custom_height=&#8221;30&#8243;][nectar_cta btn_style=&#8221;see-through&#8221; heading_tag=&#8221;h6&#8243; link_type=&#8221;regular&#8221; alignment=&#8221;center&#8221; link_text=&#8221;Find out more&#8221; url=&#8221;https:\/\/peopleanalytics.se\/en\/request\/&#8221;][\/vc_column_inner][\/vc_row_inner][\/vc_column][\/vc_row][vc_row type=&#8221;full_width_content&#8221; full_screen_row_position=&#8221;middle&#8221; scene_position=&#8221;center&#8221; text_color=&#8221;dark&#8221; text_align=&#8221;left&#8221; disable_element=&#8221;yes&#8221; overlay_strength=&#8221;0.3&#8243; shape_divider_position=&#8221;bottom&#8221; bg_image_animation=&#8221;none&#8221; shape_type=&#8221;&#8221;][vc_column column_padding=&#8221;no-extra-padding&#8221; column_padding_position=&#8221;all&#8221; background_color_opacity=&#8221;1&#8243; background_hover_color_opacity=&#8221;1&#8243; column_link_target=&#8221;_self&#8221; column_shadow=&#8221;none&#8221; column_border_radius=&#8221;none&#8221; width=&#8221;1\/1&#8243; tablet_width_inherit=&#8221;default&#8221; tablet_text_alignment=&#8221;default&#8221; phone_text_alignment=&#8221;default&#8221; column_border_width=&#8221;none&#8221; column_border_style=&#8221;solid&#8221; bg_image_animation=&#8221;none&#8221;][recent_posts style=&#8221;multiple_large_featured&#8221; category=&#8221;all&#8221; multiple_large_featured_num=&#8221;2&#8243; auto_rotate=&#8221;8000&#8243; large_featured_padding=&#8221;14%&#8221; mlf_navigation_location=&#8221;side&#8221; button_color=&#8221;Accent-Color&#8221; bg_overlay=&#8221;solid_color&#8221; order=&#8221;DESC&#8221; orderby=&#8221;date&#8221;][\/vc_column][\/vc_row][vc_row type=&#8221;in_container&#8221; full_screen_row_position=&#8221;middle&#8221; scene_position=&#8221;center&#8221; text_color=&#8221;dark&#8221; text_align=&#8221;left&#8221; disable_element=&#8221;yes&#8221; overlay_strength=&#8221;0.3&#8243; shape_divider_position=&#8221;bottom&#8221; bg_image_animation=&#8221;none&#8221; shape_type=&#8221;&#8221;][vc_column column_padding=&#8221;no-extra-padding&#8221; column_padding_position=&#8221;all&#8221; background_color_opacity=&#8221;1&#8243; background_hover_color_opacity=&#8221;1&#8243; column_link_target=&#8221;_self&#8221; column_shadow=&#8221;none&#8221; column_border_radius=&#8221;none&#8221; top_margin=&#8221;-5%&#8221; width=&#8221;1\/1&#8243; tablet_width_inherit=&#8221;default&#8221; tablet_text_alignment=&#8221;default&#8221; phone_text_alignment=&#8221;default&#8221; column_border_width=&#8221;none&#8221; column_border_style=&#8221;solid&#8221; bg_image_animation=&#8221;none&#8221;][nectar_blog layout=&#8221;masonry-blog-fullwidth&#8221; blog_masonry_style=&#8221;material&#8221; category=&#8221;all&#8221; load_in_animation=&#8221;perspective&#8221; order=&#8221;DESC&#8221; orderby=&#8221;date&#8221; blog_remove_post_date=&#8221;true&#8221; posts_per_page=&#8221;6&#8243;][\/vc_column][\/vc_row]\n","protected":false},"excerpt":{"rendered":"<p>[vc_row type=&#8221;in_container&#8221; full_screen_row_position=&#8221;middle&#8221; scene_position=&#8221;center&#8221; text_color=&#8221;dark&#8221; text_align=&#8221;left&#8221; top_padding=&#8221;2%&#8221; bottom_padding=&#8221;5%&#8221; overlay_strength=&#8221;0.3&#8243; shape_divider_position=&#8221;bottom&#8221; bg_image_animation=&#8221;none&#8221; shape_type=&#8221;&#8221;][vc_column column_padding=&#8221;no-extra-padding&#8221; column_padding_position=&#8221;all&#8221; background_color_opacity=&#8221;1&#8243;&#8230;<\/p>\n","protected":false},"author":1,"featured_media":0,"parent":0,"menu_order":0,"comment_status":"closed","ping_status":"closed","template":"","meta":{"inline_featured_image":false},"yoast_head":"<!-- This site is optimized with the Yoast SEO plugin v17.9 - https:\/\/yoast.com\/wordpress\/plugins\/seo\/ -->\n<title>Resources - Heartpace People Analytics<\/title>\n<meta name=\"robots\" content=\"index, follow, max-snippet:-1, max-image-preview:large, max-video-preview:-1\" \/>\n<link rel=\"canonical\" href=\"https:\/\/peopleanalytics.se\/en\/resources\/\" \/>\n<meta property=\"og:locale\" content=\"en_US\" \/>\n<meta property=\"og:type\" content=\"article\" \/>\n<meta property=\"og:title\" content=\"Resources - Heartpace People Analytics\" \/>\n<meta property=\"og:description\" content=\"[vc_row type=&#8221;in_container&#8221; full_screen_row_position=&#8221;middle&#8221; scene_position=&#8221;center&#8221; text_color=&#8221;dark&#8221; text_align=&#8221;left&#8221; top_padding=&#8221;2%&#8221; bottom_padding=&#8221;5%&#8221; overlay_strength=&#8221;0.3&#8243; shape_divider_position=&#8221;bottom&#8221; bg_image_animation=&#8221;none&#8221; shape_type=&#8221;&#8221;][vc_column column_padding=&#8221;no-extra-padding&#8221; column_padding_position=&#8221;all&#8221; background_color_opacity=&#8221;1&#8243;...\" \/>\n<meta property=\"og:url\" content=\"https:\/\/peopleanalytics.se\/en\/resources\/\" \/>\n<meta property=\"og:site_name\" content=\"Heartpace People Analytics\" \/>\n<meta property=\"article:modified_time\" content=\"2019-09-02T09:15:33+00:00\" \/>\n<meta property=\"og:image\" content=\"https:\/\/peopleanalytics.se\/wp-content\/uploads\/2022\/03\/preview.png\" \/>\n\t<meta property=\"og:image:width\" content=\"1200\" \/>\n\t<meta property=\"og:image:height\" content=\"600\" \/>\n\t<meta property=\"og:image:type\" content=\"image\/png\" \/>\n<meta name=\"twitter:card\" content=\"summary\" \/>\n<meta name=\"twitter:label1\" content=\"Est. reading time\" \/>\n\t<meta name=\"twitter:data1\" content=\"5 minutes\" \/>\n<!-- \/ Yoast SEO plugin. -->","yoast_head_json":{"title":"Resources - Heartpace People Analytics","robots":{"index":"index","follow":"follow","max-snippet":"max-snippet:-1","max-image-preview":"max-image-preview:large","max-video-preview":"max-video-preview:-1"},"canonical":"https:\/\/peopleanalytics.se\/en\/resources\/","og_locale":"en_US","og_type":"article","og_title":"Resources - Heartpace People Analytics","og_description":"[vc_row type=&#8221;in_container&#8221; full_screen_row_position=&#8221;middle&#8221; scene_position=&#8221;center&#8221; text_color=&#8221;dark&#8221; text_align=&#8221;left&#8221; top_padding=&#8221;2%&#8221; bottom_padding=&#8221;5%&#8221; overlay_strength=&#8221;0.3&#8243; shape_divider_position=&#8221;bottom&#8221; bg_image_animation=&#8221;none&#8221; shape_type=&#8221;&#8221;][vc_column column_padding=&#8221;no-extra-padding&#8221; column_padding_position=&#8221;all&#8221; background_color_opacity=&#8221;1&#8243;...","og_url":"https:\/\/peopleanalytics.se\/en\/resources\/","og_site_name":"Heartpace People Analytics","article_modified_time":"2019-09-02T09:15:33+00:00","og_image":[{"width":1200,"height":600,"url":"https:\/\/peopleanalytics.se\/wp-content\/uploads\/2022\/03\/preview.png","type":"image\/png"}],"twitter_card":"summary","twitter_misc":{"Est. reading time":"5 minutes"},"schema":{"@context":"https:\/\/schema.org","@graph":[{"@type":"Organization","@id":"https:\/\/peopleanalytics.se\/#organization","name":"Heartpace | People Analytics","url":"https:\/\/peopleanalytics.se\/","sameAs":[],"logo":{"@type":"ImageObject","@id":"https:\/\/peopleanalytics.se\/#logo","inLanguage":"en-US","url":"https:\/\/peopleanalytics.se\/wp-content\/uploads\/2022\/03\/preview-1.png","contentUrl":"https:\/\/peopleanalytics.se\/wp-content\/uploads\/2022\/03\/preview-1.png","width":1200,"height":600,"caption":"Heartpace | People Analytics"},"image":{"@id":"https:\/\/peopleanalytics.se\/#logo"}},{"@type":"WebSite","@id":"https:\/\/peopleanalytics.se\/#website","url":"https:\/\/peopleanalytics.se\/","name":"Heartpace People Analytics","description":"Make Better People Decisions","publisher":{"@id":"https:\/\/peopleanalytics.se\/#organization"},"potentialAction":[{"@type":"SearchAction","target":{"@type":"EntryPoint","urlTemplate":"https:\/\/peopleanalytics.se\/?s={search_term_string}"},"query-input":"required name=search_term_string"}],"inLanguage":"en-US"},{"@type":"WebPage","@id":"https:\/\/peopleanalytics.se\/en\/resources\/#webpage","url":"https:\/\/peopleanalytics.se\/en\/resources\/","name":"Resources - Heartpace People Analytics","isPartOf":{"@id":"https:\/\/peopleanalytics.se\/#website"},"datePublished":"2019-05-06T09:34:23+00:00","dateModified":"2019-09-02T09:15:33+00:00","breadcrumb":{"@id":"https:\/\/peopleanalytics.se\/en\/resources\/#breadcrumb"},"inLanguage":"en-US","potentialAction":[{"@type":"ReadAction","target":["https:\/\/peopleanalytics.se\/en\/resources\/"]}]},{"@type":"BreadcrumbList","@id":"https:\/\/peopleanalytics.se\/en\/resources\/#breadcrumb","itemListElement":[{"@type":"ListItem","position":1,"name":"Hem","item":"https:\/\/peopleanalytics.se\/"},{"@type":"ListItem","position":2,"name":"Resources"}]}]}},"_links":{"self":[{"href":"https:\/\/peopleanalytics.se\/en\/wp-json\/wp\/v2\/pages\/7603"}],"collection":[{"href":"https:\/\/peopleanalytics.se\/en\/wp-json\/wp\/v2\/pages"}],"about":[{"href":"https:\/\/peopleanalytics.se\/en\/wp-json\/wp\/v2\/types\/page"}],"author":[{"embeddable":true,"href":"https:\/\/peopleanalytics.se\/en\/wp-json\/wp\/v2\/users\/1"}],"replies":[{"embeddable":true,"href":"https:\/\/peopleanalytics.se\/en\/wp-json\/wp\/v2\/comments?post=7603"}],"version-history":[{"count":14,"href":"https:\/\/peopleanalytics.se\/en\/wp-json\/wp\/v2\/pages\/7603\/revisions"}],"predecessor-version":[{"id":8278,"href":"https:\/\/peopleanalytics.se\/en\/wp-json\/wp\/v2\/pages\/7603\/revisions\/8278"}],"wp:attachment":[{"href":"https:\/\/peopleanalytics.se\/en\/wp-json\/wp\/v2\/media?parent=7603"}],"curies":[{"name":"wp","href":"https:\/\/api.w.org\/{rel}","templated":true}]}}